{"id":14,"date":"2025-06-27T14:17:36","date_gmt":"2025-06-27T12:17:36","guid":{"rendered":"https:\/\/www.endo-nova.eu\/?page_id=14"},"modified":"2025-11-05T14:03:32","modified_gmt":"2025-11-05T13:03:32","slug":"servizi","status":"publish","type":"page","link":"https:\/\/www.endo-nova.eu\/it\/servizi\/","title":{"rendered":"Servizi"},"content":{"rendered":"<p>[et_pb_section fb_built=&#8221;1&#8243; admin_label=&#8221;Header&#8221; _builder_version=&#8221;4.27.4&#8243; _module_preset=&#8221;default&#8221; background_color=&#8221;#FFFFFF&#8221; use_background_color_gradient=&#8221;on&#8221; background_color_gradient_stops=&#8221;rgba(255,255,255,0) 50%|#f4f0b7 100%&#8221; hover_enabled=&#8221;0&#8243; collapsed=&#8221;off&#8221; global_colors_info=&#8221;{%22gcid-c67e4c14-9f9a-4541-bcfb-a3dbe227e267%22:%91%22background_color%22,%22background_pattern_color%22%93}&#8221; custom_padding=&#8221;64px||||false|false&#8221; custom_padding_last_edited=&#8221;on|phone&#8221; sticky_enabled=&#8221;0&#8243; custom_padding_tablet=&#8221;48px||||false|false&#8221; custom_padding_phone=&#8221;48px||||false|false&#8221;][et_pb_row _builder_version=&#8221;4.27.4&#8243; _module_preset=&#8221;default&#8221; global_colors_info=&#8221;{}&#8221;][et_pb_column type=&#8221;4_4&#8243; _builder_version=&#8221;4.22.1&#8243; _module_preset=&#8221;default&#8221; global_colors_info=&#8221;{}&#8221;][et_pb_text _builder_version=&#8221;4.27.4&#8243; _module_preset=&#8221;_initial&#8221; text_text_color=&#8221;#0E2D41&#8243; header_font=&#8221;||||||||&#8221; header_text_color=&#8221;#0E2D41&#8243; header_font_size=&#8221;50px&#8221; header_line_height=&#8221;1.2em&#8221; header_font_size_tablet=&#8221;42px&#8221; header_font_size_phone=&#8221;26px&#8221; header_font_size_last_edited=&#8221;on|phone&#8221; global_colors_info=&#8221;{%22gcid-40afeb94-f3a1-4b01-a695-ff82654e75f2%22:%91%22header_text_color%22%93}&#8221;]<\/p>\n<h1>Soluzioni personalizzate<br \/>per l\u2019efficienza clinica<\/h1>\n<p>[\/et_pb_text][\/et_pb_column][\/et_pb_row][et_pb_row column_structure=&#8221;1_2,1_2&#8243; _builder_version=&#8221;4.27.4&#8243; _module_preset=&#8221;default&#8221; global_colors_info=&#8221;{}&#8221;][et_pb_column type=&#8221;1_2&#8243; _builder_version=&#8221;4.22.1&#8243; _module_preset=&#8221;default&#8221; global_colors_info=&#8221;{}&#8221;][et_pb_image src=&#8221;https:\/\/www.endo-nova.eu\/wp-content\/uploads\/2025\/10\/endonova-servizi-per-ecografi-ed-endoscopi.webp&#8221; title_text=&#8221;endonova-servizi-per-ecografi-ed-endoscopi&#8221; force_fullwidth=&#8221;on&#8221; disabled_on=&#8221;off|off|off&#8221; _builder_version=&#8221;4.27.4&#8243; _module_preset=&#8221;default&#8221; transform_translate_linked=&#8221;off&#8221; custom_margin_tablet=&#8221;||48px||false|false&#8221; custom_margin_phone=&#8221;||48px||false|false&#8221; custom_margin_last_edited=&#8221;on|tablet&#8221; global_colors_info=&#8221;{}&#8221;][\/et_pb_image][\/et_pb_column][et_pb_column type=&#8221;1_2&#8243; _builder_version=&#8221;4.27.4&#8243; _module_preset=&#8221;default&#8221; background_color=&#8221;gcid-0a8107c7-4a45-43f8-ab8e-8c44c73db027&#8243; custom_padding=&#8221;40px|40px|40px|40px|true|true&#8221; custom_padding_tablet=&#8221;30px|30px|30px|30px|true|true&#8221; custom_padding_phone=&#8221;20px|20px|20px|20px|true|true&#8221; custom_padding_last_edited=&#8221;on|phone&#8221; global_colors_info=&#8221;{%22gcid-0a8107c7-4a45-43f8-ab8e-8c44c73db027%22:%91%22background_color%22%93}&#8221;][et_pb_text _builder_version=&#8221;4.27.4&#8243; _module_preset=&#8221;default&#8221; text_font=&#8221;||||||||&#8221; text_text_color=&#8221;#FFFFFF&#8221; text_font_size=&#8221;19px&#8221; text_line_height=&#8221;1.6em&#8221; text_font_size_tablet=&#8221;19px&#8221; text_font_size_phone=&#8221;16px&#8221; text_font_size_last_edited=&#8221;on|phone&#8221; global_colors_info=&#8221;{}&#8221;]<\/p>\n<p>In ENDO NOVA offriamo <strong>servizi altamente specializzati<\/strong> per la riparazione, manutenzione e gestione tecnica di <strong>ecografi ed endoscopi<\/strong>, progettati per garantire la massima continuit\u00e0 operativa alle strutture sanitarie.<br \/>Ogni intervento viene eseguito con attenzione ai dettagli, rapidit\u00e0 e qualit\u00e0 certificata.<\/p>\n<p>[\/et_pb_text][et_pb_button button_url=&#8221;@ET-DC@eyJkeW5hbWljIjp0cnVlLCJjb250ZW50IjoicG9zdF9saW5rX3VybF9wYWdlIiwic2V0dGluZ3MiOnsicG9zdF9pZCI6IjE2In19@&#8221; button_text=&#8221;Contattaci&#8221; _builder_version=&#8221;4.27.4&#8243; _dynamic_attributes=&#8221;button_url&#8221; _module_preset=&#8221;_initial&#8221; custom_button=&#8221;on&#8221; button_text_size=&#8221;14px&#8221; button_text_color=&#8221;#B6B028&#8243; button_bg_color=&#8221;#0E2D41&#8243; button_border_width=&#8221;2px&#8221; button_border_color=&#8221;#B6B028&#8243; button_border_radius=&#8221;100px&#8221; button_font=&#8221;Inter|700|||||||&#8221; custom_padding=&#8221;12px|24px|12px|24px|true|true&#8221; global_colors_info=&#8221;{}&#8221;][\/et_pb_button][\/et_pb_column][\/et_pb_row][\/et_pb_section][et_pb_section fb_built=&#8221;1&#8243; admin_label=&#8221;Products &#038; Services&#8221; _builder_version=&#8221;4.27.4&#8243; _module_preset=&#8221;default&#8221; background_color=&#8221;#0E2D41&#8243; collapsed=&#8221;off&#8221; global_colors_info=&#8221;{}&#8221;][et_pb_row _builder_version=&#8221;4.22.1&#8243; _module_preset=&#8221;default&#8221; global_colors_info=&#8221;{}&#8221;][et_pb_column type=&#8221;4_4&#8243; _builder_version=&#8221;4.22.1&#8243; _module_preset=&#8221;default&#8221; global_colors_info=&#8221;{}&#8221;][et_pb_text _builder_version=&#8221;4.22.1&#8243; _module_preset=&#8221;_initial&#8221; header_2_font=&#8221;Outfit||||||||&#8221; header_2_text_color=&#8221;#FFFFFF&#8221; header_2_font_size=&#8221;60px&#8221; header_2_line_height=&#8221;1.3em&#8221; custom_margin=&#8221;||10px||false|false&#8221; header_2_font_size_tablet=&#8221;32px&#8221; header_2_font_size_phone=&#8221;20px&#8221; header_2_font_size_last_edited=&#8221;on|desktop&#8221; global_colors_info=&#8221;{}&#8221;]<\/p>\n<h2>I Nostri Servizi<\/h2>\n<p>[\/et_pb_text][\/et_pb_column][\/et_pb_row][et_pb_row column_structure=&#8221;1_2,1_2&#8243; use_custom_gutter=&#8221;on&#8221; gutter_width=&#8221;2&#8243; make_equal=&#8221;on&#8221; _builder_version=&#8221;4.27.4&#8243; _module_preset=&#8221;default&#8221; global_colors_info=&#8221;{}&#8221;][et_pb_column type=&#8221;1_2&#8243; _builder_version=&#8221;4.27.4&#8243; _module_preset=&#8221;default&#8221; background_color=&#8221;#f4f0b7&#8243; custom_padding=&#8221;||4vw||false|false&#8221; border_width_all=&#8221;1px&#8221; border_color_all=&#8221;gcid-b74eef71-a268-4efe-841b-c8ec143deee4&#8243; global_colors_info=&#8221;{%22gcid-b74eef71-a268-4efe-841b-c8ec143deee4%22:%91%22border_color_all%22,%22background_color%22%93}&#8221;][et_pb_image src=&#8221;https:\/\/www.endo-nova.eu\/wp-content\/uploads\/2025\/10\/soluzioni-per-endoscopia.webp&#8221; title_text=&#8221;soluzioni-per-endoscopia&#8221; force_fullwidth=&#8221;on&#8221; _builder_version=&#8221;4.27.4&#8243; _module_preset=&#8221;default&#8221; custom_margin=&#8221;||||false|false&#8221; global_colors_info=&#8221;{}&#8221;][\/et_pb_image][et_pb_text _builder_version=&#8221;4.27.4&#8243; _module_preset=&#8221;_initial&#8221; header_4_font=&#8221;Outfit||||||||&#8221; header_4_text_color=&#8221;gcid-40afeb94-f3a1-4b01-a695-ff82654e75f2&#8243; header_4_font_size=&#8221;24px&#8221; header_4_line_height=&#8221;1.4em&#8221; custom_margin=&#8221;|24px||24px|false|true&#8221; header_4_font_size_tablet=&#8221;16px&#8221; header_4_font_size_phone=&#8221;15px&#8221; header_4_font_size_last_edited=&#8221;on|desktop&#8221; global_colors_info=&#8221;{%22gcid-40afeb94-f3a1-4b01-a695-ff82654e75f2%22:%91%22header_4_text_color%22%93}&#8221;]<\/p>\n<h4>Soluzioni per l&#8217;Endoscopia<\/h4>\n<p>[\/et_pb_text][et_pb_button button_url=&#8221;@ET-DC@eyJkeW5hbWljIjp0cnVlLCJjb250ZW50IjoicG9zdF9saW5rX3VybF9wYWdlIiwic2V0dGluZ3MiOnsicG9zdF9pZCI6IjMwOTEyIn19@&#8221; button_text=&#8221;Vai al dettaglio&#8221; _builder_version=&#8221;4.27.4&#8243; _dynamic_attributes=&#8221;button_url&#8221; _module_preset=&#8221;default&#8221; custom_margin=&#8221;|||24px|false|false&#8221; global_colors_info=&#8221;{}&#8221;][\/et_pb_button][\/et_pb_column][et_pb_column type=&#8221;1_2&#8243; _builder_version=&#8221;4.27.4&#8243; _module_preset=&#8221;default&#8221; background_color=&#8221;#F4F0B7&#8243; custom_padding=&#8221;30px||||false|false&#8221; border_width_all=&#8221;1px&#8221; border_color_all=&#8221;gcid-b74eef71-a268-4efe-841b-c8ec143deee4&#8243; global_colors_info=&#8221;{%22gcid-b74eef71-a268-4efe-841b-c8ec143deee4%22:%91%22border_color_all%22,%22background_color%22%93}&#8221;][et_pb_text _builder_version=&#8221;4.27.4&#8243; _module_preset=&#8221;_initial&#8221; header_4_font=&#8221;Outfit||||||||&#8221; header_4_text_color=&#8221;gcid-40afeb94-f3a1-4b01-a695-ff82654e75f2&#8243; header_4_font_size=&#8221;24px&#8221; header_4_line_height=&#8221;1.4em&#8221; custom_margin=&#8221;|24px||24px|false|true&#8221; header_4_font_size_tablet=&#8221;16px&#8221; header_4_font_size_phone=&#8221;15px&#8221; header_4_font_size_last_edited=&#8221;on|desktop&#8221; global_colors_info=&#8221;{%22gcid-40afeb94-f3a1-4b01-a695-ff82654e75f2%22:%91%22header_4_text_color%22%93}&#8221;]<\/p>\n<h4>Soluzioni per l&#8217;Ecografia<\/h4>\n<p>[\/et_pb_text][et_pb_button button_url=&#8221;@ET-DC@eyJkeW5hbWljIjp0cnVlLCJjb250ZW50IjoicG9zdF9saW5rX3VybF9wYWdlIiwic2V0dGluZ3MiOnsicG9zdF9pZCI6IjMwOTEzIn19@&#8221; button_text=&#8221;Vai al dettaglio&#8221; _builder_version=&#8221;4.27.4&#8243; _dynamic_attributes=&#8221;button_url&#8221; _module_preset=&#8221;default&#8221; custom_margin=&#8221;|||24px|false|false&#8221; global_colors_info=&#8221;{}&#8221;][\/et_pb_button][et_pb_image src=&#8221;https:\/\/www.endo-nova.eu\/wp-content\/uploads\/2025\/10\/soluzioni-per-l-ecografia.webp&#8221; title_text=&#8221;soluzioni-per-l-ecografia&#8221; force_fullwidth=&#8221;on&#8221; _builder_version=&#8221;4.27.4&#8243; _module_preset=&#8221;default&#8221; custom_margin=&#8221;5vw||||false|false&#8221; custom_margin_tablet=&#8221;7vw||||false|false&#8221; custom_margin_phone=&#8221;7vw||||false|false&#8221; custom_margin_last_edited=&#8221;on|phone&#8221; global_colors_info=&#8221;{}&#8221;][\/et_pb_image][\/et_pb_column][\/et_pb_row][\/et_pb_section][et_pb_section fb_built=&#8221;1&#8243; admin_label=&#8221;Services&#8221; _builder_version=&#8221;4.27.4&#8243; _module_preset=&#8221;default&#8221; background_color=&#8221;RGBA(255,255,255,0)&#8221; background_enable_image=&#8221;off&#8221; background_size=&#8221;initial&#8221; background_position=&#8221;top_center&#8221; global_module=&#8221;30841&#8243; saved_tabs=&#8221;all&#8221; collapsed=&#8221;off&#8221; global_colors_info=&#8221;{%22gcid-c67e4c14-9f9a-4541-bcfb-a3dbe227e267%22:%91%22background_color%22%93}&#8221;][et_pb_row column_structure=&#8221;1_2,1_2&#8243; use_custom_gutter=&#8221;on&#8221; gutter_width=&#8221;1&#8243; make_equal=&#8221;on&#8221; _builder_version=&#8221;4.27.4&#8243; _module_preset=&#8221;default&#8221; global_colors_info=&#8221;{}&#8221;][et_pb_column type=&#8221;1_2&#8243; _builder_version=&#8221;4.27.4&#8243; _module_preset=&#8221;default&#8221; background_color=&#8221;#0E2D41&#8243; custom_padding=&#8221;40px|40px|40px|40px|true|true&#8221; custom_padding_tablet=&#8221;30px|30px|30px|30px|true|true&#8221; custom_padding_phone=&#8221;20px|20px|20px|20px|true|true&#8221; custom_padding_last_edited=&#8221;on|tablet&#8221; global_colors_info=&#8221;{%22gcid-40afeb94-f3a1-4b01-a695-ff82654e75f2%22:%91%22background_color%22%93}&#8221;][et_pb_image src=&#8221;https:\/\/www.endo-nova.eu\/wp-content\/uploads\/2025\/09\/perche-scegliere-endo-nova.webp&#8221; alt=&#8221;Una donna e un uomo in vestiti eleganti e professionali che si stringono la mano in un laboratorio&#8221; title_text=&#8221;perche-scegliere-endo-nova&#8221; _builder_version=&#8221;4.27.4&#8243; _module_preset=&#8221;default&#8221; custom_margin=&#8221;||30px||false|false&#8221; global_colors_info=&#8221;{}&#8221;][\/et_pb_image][et_pb_text _builder_version=&#8221;4.27.4&#8243; _module_preset=&#8221;_initial&#8221; header_3_font=&#8221;||||||||&#8221; header_3_text_color=&#8221;#FFFFFF&#8221; header_3_font_size=&#8221;40px&#8221; header_3_line_height=&#8221;1.4em&#8221; text_font_size_last_edited=&#8221;off|desktop&#8221; header_3_font_size_tablet=&#8221;24px&#8221; header_3_font_size_phone=&#8221;20px&#8221; header_3_font_size_last_edited=&#8221;on|phone&#8221; text_orientation_tablet=&#8221;center&#8221; text_orientation_phone=&#8221;&#8221; text_orientation_last_edited=&#8221;on|tablet&#8221; global_colors_info=&#8221;{}&#8221;]<\/p>\n<h3>Perch\u00e9 scegliere<br \/>ENDO NOVA<\/h3>\n<p>[\/et_pb_text][\/et_pb_column][et_pb_column type=&#8221;1_2&#8243; _builder_version=&#8221;4.27.4&#8243; _module_preset=&#8221;default&#8221; background_color=&#8221;#B6B028&#8243; custom_padding=&#8221;40px|40px|40px|40px|true|true&#8221; custom_padding_tablet=&#8221;30px|30px|30px|30px|true|true&#8221; custom_padding_phone=&#8221;20px|20px|20px|20px|true|true&#8221; custom_padding_last_edited=&#8221;on|tablet&#8221; global_colors_info=&#8221;{}&#8221;][et_pb_text _builder_version=&#8221;4.27.4&#8243; _module_preset=&#8221;default&#8221; text_font=&#8221;&#8211;et_global_heading_font||||||||&#8221; text_text_color=&#8221;gcid-af70733c-a859-4f94-99eb-765d3503f98a&#8221; text_font_size=&#8221;18px&#8221; text_line_height=&#8221;1.9em&#8221; custom_margin=&#8221;120px||||false|false&#8221; custom_margin_tablet=&#8221;24px||||false|false&#8221; custom_margin_phone=&#8221;&#8221; custom_margin_last_edited=&#8221;on|tablet&#8221; text_font_size_tablet=&#8221;&#8221; text_font_size_phone=&#8221;14px&#8221; text_font_size_last_edited=&#8221;on|phone&#8221; text_orientation_tablet=&#8221;center&#8221; text_orientation_phone=&#8221;&#8221; text_orientation_last_edited=&#8221;on|tablet&#8221; global_colors_info=&#8221;{%22gcid-af70733c-a859-4f94-99eb-765d3503f98a%22:%91%22text_text_color%22%93}&#8221;]<\/p>\n<p>Laboratori interni con tecnologie avanzate<br \/>Tecnici specializzati su tutti i principali brand<br \/>Rapidit\u00e0 di intervento e tempi di consegna brevi<br \/>Ampia rete di partner per copertura nazionale<br \/>Qualit\u00e0 certificata e trasparenza in ogni fase<\/p>\n<p>[\/et_pb_text][et_pb_button button_url=&#8221;@ET-DC@eyJkeW5hbWljIjp0cnVlLCJjb250ZW50IjoicG9zdF9saW5rX3VybF9wYWdlIiwic2V0dGluZ3MiOnsicG9zdF9pZCI6IjE2In19@&#8221; button_text=&#8221;Contattaci&#8221; button_alignment_tablet=&#8221;center&#8221; button_alignment_phone=&#8221;&#8221; button_alignment_last_edited=&#8221;on|tablet&#8221; _builder_version=&#8221;4.27.4&#8243; _dynamic_attributes=&#8221;button_url&#8221; _module_preset=&#8221;_initial&#8221; custom_button=&#8221;on&#8221; button_text_size=&#8221;14px&#8221; button_text_color=&#8221;#FFFFFF&#8221; button_bg_color=&#8221;#000000&#8243; button_border_width=&#8221;0px&#8221; button_border_radius=&#8221;100px&#8221; button_font=&#8221;Inter|700|||||||&#8221; custom_margin=&#8221;30px||||false|false&#8221; custom_padding=&#8221;12px|24px|12px|24px|true|true&#8221; global_colors_info=&#8221;{}&#8221;][\/et_pb_button][\/et_pb_column][\/et_pb_row][\/et_pb_section]<\/p>\n","protected":false},"excerpt":{"rendered":"<p>Soluzioni personalizzateper l\u2019efficienza clinicaIn ENDO NOVA offriamo servizi altamente specializzati per la riparazione, manutenzione e gestione tecnica di ecografi ed endoscopi, progettati per garantire la massima continuit\u00e0 operativa alle strutture sanitarie.Ogni intervento viene eseguito con attenzione ai dettagli, rapidit\u00e0 e qualit\u00e0 certificata.I Nostri ServiziSoluzioni per l&#8217;EndoscopiaSoluzioni per l&#8217;EcografiaPerch\u00e9 scegliereENDO NOVALaboratori interni con tecnologie avanzateTecnici specializzati [&hellip;]<\/p>\n","protected":false},"author":1,"featured_media":0,"parent":0,"menu_order":0,"comment_status":"closed","ping_status":"closed","template":"","meta":{"_et_pb_use_builder":"on","_et_pb_old_content":"","_et_gb_content_width":"","footnotes":""},"class_list":["post-14","page","type-page","status-publish","hentry"],"yoast_head":"<!-- This site is optimized with the Yoast SEO plugin v26.8 - https:\/\/yoast.com\/product\/yoast-seo-wordpress\/ -->\n<title>Servizi - Endonova<\/title>\n<meta name=\"robots\" content=\"index, follow, max-snippet:-1, max-image-preview:large, max-video-preview:-1\" \/>\n<link rel=\"canonical\" href=\"https:\/\/www.endo-nova.eu\/it\/servizi\/\" \/>\n<meta property=\"og:locale\" content=\"it_IT\" \/>\n<meta property=\"og:type\" content=\"article\" \/>\n<meta property=\"og:title\" content=\"Servizi - Endonova\" \/>\n<meta property=\"og:description\" content=\"Soluzioni personalizzateper l\u2019efficienza clinicaIn ENDO NOVA offriamo servizi altamente specializzati per la riparazione, manutenzione e gestione tecnica di ecografi ed endoscopi, progettati per garantire la massima continuit\u00e0 operativa alle strutture sanitarie.Ogni intervento viene eseguito con attenzione ai dettagli, rapidit\u00e0 e qualit\u00e0 certificata.I Nostri ServiziSoluzioni per l&#039;EndoscopiaSoluzioni per l&#039;EcografiaPerch\u00e9 scegliereENDO NOVALaboratori interni con tecnologie avanzateTecnici specializzati [&hellip;]\" \/>\n<meta property=\"og:url\" content=\"https:\/\/www.endo-nova.eu\/it\/servizi\/\" \/>\n<meta property=\"og:site_name\" content=\"Endonova\" \/>\n<meta property=\"article:modified_time\" content=\"2025-11-05T13:03:32+00:00\" \/>\n<meta name=\"twitter:card\" content=\"summary_large_image\" \/>\n<meta name=\"twitter:label1\" content=\"Tempo di lettura stimato\" \/>\n\t<meta name=\"twitter:data1\" content=\"8 minuti\" \/>\n<script type=\"application\/ld+json\" class=\"yoast-schema-graph\">{\"@context\":\"https:\/\/schema.org\",\"@graph\":[{\"@type\":\"WebPage\",\"@id\":\"https:\/\/www.endo-nova.eu\/it\/servizi\/\",\"url\":\"https:\/\/www.endo-nova.eu\/it\/servizi\/\",\"name\":\"Servizi - Endonova\",\"isPartOf\":{\"@id\":\"https:\/\/www.endo-nova.eu\/it\/#website\"},\"datePublished\":\"2025-06-27T12:17:36+00:00\",\"dateModified\":\"2025-11-05T13:03:32+00:00\",\"breadcrumb\":{\"@id\":\"https:\/\/www.endo-nova.eu\/it\/servizi\/#breadcrumb\"},\"inLanguage\":\"it-IT\",\"potentialAction\":[{\"@type\":\"ReadAction\",\"target\":[\"https:\/\/www.endo-nova.eu\/it\/servizi\/\"]}]},{\"@type\":\"BreadcrumbList\",\"@id\":\"https:\/\/www.endo-nova.eu\/it\/servizi\/#breadcrumb\",\"itemListElement\":[{\"@type\":\"ListItem\",\"position\":1,\"name\":\"Home\",\"item\":\"https:\/\/www.endo-nova.eu\/it\/\"},{\"@type\":\"ListItem\",\"position\":2,\"name\":\"Servizi\"}]},{\"@type\":\"WebSite\",\"@id\":\"https:\/\/www.endo-nova.eu\/it\/#website\",\"url\":\"https:\/\/www.endo-nova.eu\/it\/\",\"name\":\"Endonova\",\"description\":\"Centra la soluzione\",\"publisher\":{\"@id\":\"https:\/\/www.endo-nova.eu\/it\/#organization\"},\"potentialAction\":[{\"@type\":\"SearchAction\",\"target\":{\"@type\":\"EntryPoint\",\"urlTemplate\":\"https:\/\/www.endo-nova.eu\/it\/?s={search_term_string}\"},\"query-input\":{\"@type\":\"PropertyValueSpecification\",\"valueRequired\":true,\"valueName\":\"search_term_string\"}}],\"inLanguage\":\"it-IT\"},{\"@type\":\"Organization\",\"@id\":\"https:\/\/www.endo-nova.eu\/it\/#organization\",\"name\":\"Endonova\",\"url\":\"https:\/\/www.endo-nova.eu\/it\/\",\"logo\":{\"@type\":\"ImageObject\",\"inLanguage\":\"it-IT\",\"@id\":\"https:\/\/www.endo-nova.eu\/it\/#\/schema\/logo\/image\/\",\"url\":\"https:\/\/www.endo-nova.eu\/wp-content\/uploads\/2025\/07\/logo_endonova_hires.png\",\"contentUrl\":\"https:\/\/www.endo-nova.eu\/wp-content\/uploads\/2025\/07\/logo_endonova_hires.png\",\"width\":765,\"height\":470,\"caption\":\"Endonova\"},\"image\":{\"@id\":\"https:\/\/www.endo-nova.eu\/it\/#\/schema\/logo\/image\/\"}}]}<\/script>\n<!-- \/ Yoast SEO plugin. -->","yoast_head_json":{"title":"Servizi - Endonova","robots":{"index":"index","follow":"follow","max-snippet":"max-snippet:-1","max-image-preview":"max-image-preview:large","max-video-preview":"max-video-preview:-1"},"canonical":"https:\/\/www.endo-nova.eu\/it\/servizi\/","og_locale":"it_IT","og_type":"article","og_title":"Servizi - Endonova","og_description":"Soluzioni personalizzateper l\u2019efficienza clinicaIn ENDO NOVA offriamo servizi altamente specializzati per la riparazione, manutenzione e gestione tecnica di ecografi ed endoscopi, progettati per garantire la massima continuit\u00e0 operativa alle strutture sanitarie.Ogni intervento viene eseguito con attenzione ai dettagli, rapidit\u00e0 e qualit\u00e0 certificata.I Nostri ServiziSoluzioni per l'EndoscopiaSoluzioni per l'EcografiaPerch\u00e9 scegliereENDO NOVALaboratori interni con tecnologie avanzateTecnici specializzati [&hellip;]","og_url":"https:\/\/www.endo-nova.eu\/it\/servizi\/","og_site_name":"Endonova","article_modified_time":"2025-11-05T13:03:32+00:00","twitter_card":"summary_large_image","twitter_misc":{"Tempo di lettura stimato":"8 minuti"},"schema":{"@context":"https:\/\/schema.org","@graph":[{"@type":"WebPage","@id":"https:\/\/www.endo-nova.eu\/it\/servizi\/","url":"https:\/\/www.endo-nova.eu\/it\/servizi\/","name":"Servizi - Endonova","isPartOf":{"@id":"https:\/\/www.endo-nova.eu\/it\/#website"},"datePublished":"2025-06-27T12:17:36+00:00","dateModified":"2025-11-05T13:03:32+00:00","breadcrumb":{"@id":"https:\/\/www.endo-nova.eu\/it\/servizi\/#breadcrumb"},"inLanguage":"it-IT","potentialAction":[{"@type":"ReadAction","target":["https:\/\/www.endo-nova.eu\/it\/servizi\/"]}]},{"@type":"BreadcrumbList","@id":"https:\/\/www.endo-nova.eu\/it\/servizi\/#breadcrumb","itemListElement":[{"@type":"ListItem","position":1,"name":"Home","item":"https:\/\/www.endo-nova.eu\/it\/"},{"@type":"ListItem","position":2,"name":"Servizi"}]},{"@type":"WebSite","@id":"https:\/\/www.endo-nova.eu\/it\/#website","url":"https:\/\/www.endo-nova.eu\/it\/","name":"Endonova","description":"Centra la soluzione","publisher":{"@id":"https:\/\/www.endo-nova.eu\/it\/#organization"},"potentialAction":[{"@type":"SearchAction","target":{"@type":"EntryPoint","urlTemplate":"https:\/\/www.endo-nova.eu\/it\/?s={search_term_string}"},"query-input":{"@type":"PropertyValueSpecification","valueRequired":true,"valueName":"search_term_string"}}],"inLanguage":"it-IT"},{"@type":"Organization","@id":"https:\/\/www.endo-nova.eu\/it\/#organization","name":"Endonova","url":"https:\/\/www.endo-nova.eu\/it\/","logo":{"@type":"ImageObject","inLanguage":"it-IT","@id":"https:\/\/www.endo-nova.eu\/it\/#\/schema\/logo\/image\/","url":"https:\/\/www.endo-nova.eu\/wp-content\/uploads\/2025\/07\/logo_endonova_hires.png","contentUrl":"https:\/\/www.endo-nova.eu\/wp-content\/uploads\/2025\/07\/logo_endonova_hires.png","width":765,"height":470,"caption":"Endonova"},"image":{"@id":"https:\/\/www.endo-nova.eu\/it\/#\/schema\/logo\/image\/"}}]}},"_links":{"self":[{"href":"https:\/\/www.endo-nova.eu\/it\/wp-json\/wp\/v2\/pages\/14","targetHints":{"allow":["GET"]}}],"collection":[{"href":"https:\/\/www.endo-nova.eu\/it\/wp-json\/wp\/v2\/pages"}],"about":[{"href":"https:\/\/www.endo-nova.eu\/it\/wp-json\/wp\/v2\/types\/page"}],"author":[{"embeddable":true,"href":"https:\/\/www.endo-nova.eu\/it\/wp-json\/wp\/v2\/users\/1"}],"replies":[{"embeddable":true,"href":"https:\/\/www.endo-nova.eu\/it\/wp-json\/wp\/v2\/comments?post=14"}],"version-history":[{"count":42,"href":"https:\/\/www.endo-nova.eu\/it\/wp-json\/wp\/v2\/pages\/14\/revisions"}],"predecessor-version":[{"id":31381,"href":"https:\/\/www.endo-nova.eu\/it\/wp-json\/wp\/v2\/pages\/14\/revisions\/31381"}],"wp:attachment":[{"href":"https:\/\/www.endo-nova.eu\/it\/wp-json\/wp\/v2\/media?parent=14"}],"curies":[{"name":"wp","href":"https:\/\/api.w.org\/{rel}","templated":true}]}}